{"id":18,"date":"2024-04-28T18:03:36","date_gmt":"2024-04-28T18:03:36","guid":{"rendered":"https:\/\/lorenacure.ch\/?page_id=18"},"modified":"2024-05-26T17:19:46","modified_gmt":"2024-05-26T17:19:46","slug":"principale","status":"publish","type":"page","link":"https:\/\/lorenacure.ch\/","title":{"rendered":"Principale"},"content":{"rendered":"<div class=\"\" style=\"\" >\n    \n    <section class=\"u-align-center u-clearfix u-white u-section-2\" id=\"carousel_49eb\">\n      <div class=\"data-layout-selected u-clearfix u-layout-wrap u-layout-wrap-1\">\n        <div class=\"u-layout\">\n          <div class=\"u-layout-row\">\n            <div class=\"u-align-left-lg u-align-left-md u-align-left-xl u-container-style u-layout-cell u-left-cell u-size-29-xl u-size-31-lg u-size-31-md u-size-31-sm u-size-31-xs u-white u-layout-cell-1\">\n              <div class=\"u-container-layout u-valign-bottom-sm u-valign-bottom-xs u-container-layout-1\">\n                <img decoding=\"async\" class=\"u-expanded-width-xs u-image u-image-contain u-image-default u-image-1\" src=\"https:\/\/lorenacure.ch\/wp-content\/uploads\/2024\/04\/LorenaLogo.png\" alt=\"\" data-image-width=\"533\" data-image-height=\"536\">\n                <h1 class=\"u-align-center-sm u-align-center-xs u-custom-font u-font-arial u-text u-text-custom-color-3 u-text-1\">CURE DI QUALIT\u00c0<br>\n                <\/h1>\n                <p class=\"u-align-left-sm u-align-left-xs u-text u-text-2\">\n                  <span style=\"font-size: 1.5rem;\">Sono Lorena Ferrini, con un'esperienza importante presso l'Ente Ospedaliero Cantonale. Ho voluto rimettermi in gioco come indipendente per dare un servizio di qualit\u00e0 al domicilio del paziente.&nbsp;<br>\n                    <br>Le cure a domicilio permettono una qualit\u00e0 di vita maggiore e una serenit\u00e0 emotiva del paziente e dei famigliari.\n                  <\/span>\n                  <br>\n                  <br>\n                  <span style=\"font-size: 1.5rem;\">Sono riconosciuta dalle casse malati.<\/span>\n                <\/p>\n              <\/div>\n            <\/div>\n            <div class=\"u-container-style u-image u-image-default u-layout-cell u-right-cell u-size-29-lg u-size-29-md u-size-29-sm u-size-29-xs u-size-31-xl u-image-2\" style=\"background-image: url(&quot;https:\/\/lorenacure.ch\/wp-content\/uploads\/2024\/04\/sd-min.jpg&quot;);\">\n              <div class=\"u-container-layout u-valign-bottom\"><\/div>\n            <\/div>\n          <\/div>\n        <\/div>\n      <\/div>\n    <\/section>\n    <section class=\"u-clearfix u-white u-section-3\" id=\"sec-e779\">\n      <div class=\"u-clearfix u-sheet u-sheet-1\">\n        <div class=\"u-expanded-width-xs u-list u-list-1\">\n          <div class=\"u-repeater u-repeater-1\">\n            <div class=\"u-container-style u-list-item u-repeater-item u-shape-rectangle\">\n              <div class=\"u-container-layout u-similar-container u-container-layout-1\"><span class=\"u-icon u-icon-circle u-text-palette-3-dark-1 u-icon-1\"><svg class=\"u-svg-link\" preserveAspectRatio=\"xMidYMin slice\" viewBox=\"0 0 511.998 511.998\" style=\"\"><use xlink:href=\"#svg-b21b\"><\/use><\/svg><svg class=\"u-svg-content\" viewBox=\"0 0 511.998 511.998\" id=\"svg-b21b\"><g><g><path d=\"m451.317 423.77c-1.138-69.583-72.282-90.141-124.23-105.152-6.061-1.751-11.89-3.436-17.352-5.118v-28.705c10.62-6.657 19.926-15.224 27.433-25.217h31.644c15.485 0 28.084-12.599 28.084-28.084v-33.996c1.877-4.376 2.92-9.192 2.92-14.249v-10.573c0-5.052-1.043-9.865-2.92-14.238v-17.538c0-77.692-63.206-140.9-140.897-140.9-77.676 0-140.869 63.208-140.869 140.901v17.036c0 .134.015.263.02.396-1.906 4.402-2.968 9.25-2.968 14.344v10.573c0 19.987 16.248 36.248 36.219 36.248h8.264c5.724 27.448 22.575 50.858 45.598 65.292v28.71c-5.463 1.682-11.291 3.366-17.352 5.118-51.948 15.011-123.092 35.57-124.23 105.152-.001.055-.001.109-.001.164v78.064c0 5.523 4.478 10 10 10h29.648c5.522 0 10-4.477 10-10s-4.478-10-10-10h-19.649v-67.981c.421-24.277 11.573-42.476 35.094-57.271 15.521-9.763 34.496-16.719 53.2-22.538l24.161 47.074c2.693 5.247 9.588 7.03 14.488 3.724l10.773-7.267 9.249 34.763-15.847 69.495h-21.672c-5.522 0-10 4.477-10 10s4.478 10 10 10h251.193c5.522 0 10-4.477 10-10v-78.064c0-.054 0-.108-.001-.163zm-129.782-85.939c.659.19 1.329.385 1.993.577l-17.287 33.714-32.351-21.815 27.411-18.489c6.368 2.004 13.14 3.963 20.234 6.013zm-65.529 24.539 20.052 13.522-9.691 36.426h-20.736l-9.688-36.415zm-.002-24.123-33.742-22.753v-21.052c10.561 3.735 21.912 5.784 33.736 5.784 11.823 0 23.176-2.042 33.736-5.777v21.045zm81.464-195.517c-.137-.087-.273-.174-.41-.261-20.519-13.062-38.241-24.343-66.009-16.398-.258.074-.514.158-.765.252-5.887 2.211-11.24 4.272-16.418 6.265-31.623 12.173-48.889 18.821-79.337 17.965v-8.008c0-44.924 36.547-81.472 81.469-81.472s81.469 36.548 81.469 81.472v.185zm39.428 88.764c0 4.458-3.626 8.084-8.084 8.084h-19.928c2.814-6.379 4.994-13.098 6.45-20.081h8.264c4.695 0 9.178-.908 13.299-2.543v14.54zm2.92-48.245c0 8.959-7.275 16.248-16.219 16.248h-6.138c.002-.248.01-43.041.01-43.041h6.129c8.943 0 16.219 7.276 16.219 16.22v10.573zm-231.415 16.249c-8.943 0-16.219-7.289-16.219-16.248v-10.573c0-8.944 7.275-16.22 16.219-16.22h6.129s.008 42.793.01 43.041zm6.316-63.042h-6.317c-4.675 0-9.14.9-13.246 2.52 1.033-65.78 54.841-118.976 120.845-118.976 66.023 0 119.846 53.202 120.872 118.987-4.113-1.627-8.589-2.531-13.274-2.531h-6.317c-3.16-53.128-47.376-95.383-101.281-95.383-53.906 0-98.122 42.256-101.282 95.383zm20.414 72.027c-.001-.01-.003-.02-.004-.03-.379-3.183-.597-6.415-.597-9.698v-28.203c34.213.834 54.622-7.018 86.521-19.298 5.024-1.934 10.217-3.933 15.874-6.06 18.89-5.273 29.759 1.648 49.393 14.147 3.407 2.169 7.144 4.546 11.15 6.987v32.427c0 14.871-4.024 28.811-11.011 40.824h-70.458c-5.522 0-10 4.477-10 10s4.478 10 10 10h54.124c-14.402 12.831-33.364 20.648-54.124 20.648-41.629-.001-76.043-31.393-80.868-71.744zm30.65 163.64-17.306-33.717c.662-.191 1.33-.385 1.988-.575 7.094-2.05 13.866-4.01 20.236-6.014l27.422 18.492zm26.53 119.875 13.609-59.68h20.161l13.63 59.68zm199.007 0h-131.092l-15.872-69.497 9.253-34.776 10.799 7.282c4.902 3.305 11.797 1.522 14.489-3.728l24.134-47.069c18.703 5.819 37.677 12.774 53.197 22.536 23.52 14.794 34.673 32.994 35.094 57.271v67.981z\"><\/path><path d=\"m391.828 441.995h-50.397c-5.522 0-10 4.477-10 10s4.478 10 10 10h50.397c5.522 0 10-4.477 10-10s-4.477-10-10-10z\"><\/path><path d=\"m145.227 491.998c-5.522 0-10 4.477-10 10s4.478 10 10 10h.028c5.522 0 9.985-4.477 9.985-10s-4.491-10-10.013-10z\"><\/path>\n<\/g>\n<\/g><\/svg><\/span>\n                <h3 class=\"u-custom-font u-text u-text-custom-color-3 u-text-font u-text-1\">Consultazioni<\/h3>\n                <p class=\"u-text u-text-2\">visite presso il vostro domicilio<br>\n                <\/p>\n              <\/div>\n            <\/div>\n            <div class=\"u-container-style u-list-item u-repeater-item u-shape-rectangle\">\n              <div class=\"u-container-layout u-similar-container u-container-layout-2\"><span class=\"u-icon u-icon-circle u-text-palette-3-dark-1 u-icon-2\"><svg class=\"u-svg-link\" preserveAspectRatio=\"xMidYMin slice\" viewBox=\"0 0 480 480\" style=\"\"><use xlink:href=\"#svg-f648\"><\/use><\/svg><svg class=\"u-svg-content\" viewBox=\"0 0 480 480\" x=\"0px\" y=\"0px\" id=\"svg-f648\" style=\"enable-background:new 0 0 480 480;\"><g><g><g><path d=\"M384.152,48H288v-8c-0.026-22.08-17.92-39.974-40-40h-16c-22.08,0.026-39.974,17.92-40,40v8H95.848     C82.683,48.013,72.013,58.683,72,71.848v384.304c0.013,13.165,10.683,23.835,23.848,23.848h288.304     c13.165-0.013,23.835-10.683,23.848-23.848V71.848C407.987,58.683,397.317,48.013,384.152,48z M208,40c0-13.255,10.745-24,24-24     h16c13.255,0,24,10.745,24,24v8h-64V40z M302.552,64c-3.381,9.563-12.409,15.968-22.552,16h-80     c-10.134-0.042-19.15-6.445-22.528-16H302.552z M392,456.152c-0.004,4.333-3.516,7.844-7.848,7.848H95.848     c-4.333-0.004-7.844-3.516-7.848-7.848V71.848c0.004-4.333,3.516-7.844,7.848-7.848H160.8c3.827,18.611,20.199,31.976,39.2,32h80     c19.001-0.024,35.373-13.389,39.2-32h64.96c4.332,0.004,7.844,3.516,7.848,7.848L392,456.152z\"><\/path><path d=\"M271.2,140.424c-1.971-3.954-6.775-5.562-10.729-3.591c-1.905,0.949-3.352,2.619-4.023,4.638l-15.816,47.464     l-8.904-31.136c-1.218-4.247-5.649-6.702-9.896-5.484c-1.944,0.558-3.605,1.831-4.648,3.564l-11.808,19.68l-5.384-48.44     c-0.483-4.392-4.435-7.561-8.826-7.078c-3.108,0.342-5.732,2.463-6.718,5.43l-25.344,76l-15.712-36.656     c-1.276-2.942-4.185-4.837-7.392-4.816h-32v16h26.728l21.92,51.152C153.909,230.093,156.8,232,160,232h0.336     c3.318-0.139,6.206-2.313,7.256-5.464l20.48-61.44l4,35.792c0.487,4.391,4.441,7.557,8.833,7.07     c2.48-0.275,4.69-1.691,5.975-3.83l14.52-24.192l10.936,38.272c0.964,3.373,4.013,5.725,7.52,5.8     c3.495,0.039,6.623-2.167,7.76-5.472l17.888-53.68l7.36,14.728c1.354,2.702,4.114,4.41,7.136,4.416h96v-16h-91.056L271.2,140.424     z\"><\/path><rect x=\"104\" y=\"280\" width=\"272\" height=\"16\"><\/rect><rect x=\"104\" y=\"312\" width=\"272\" height=\"16\"><\/rect><rect x=\"104\" y=\"344\" width=\"272\" height=\"16\"><\/rect><rect x=\"104\" y=\"376\" width=\"272\" height=\"16\"><\/rect><rect x=\"104\" y=\"408\" width=\"272\" height=\"16\"><\/rect>\n<\/g>\n<\/g>\n<\/g><\/svg><\/span>\n                <h3 class=\"u-custom-font u-text u-text-custom-color-3 u-text-font u-text-3\">Piano Cure <\/h3>\n                <p class=\"u-text u-text-4\">in accordo con il medico curante<br>\n                <\/p>\n              <\/div>\n            <\/div>\n            <div class=\"u-container-style u-list-item u-repeater-item u-shape-rectangle\">\n              <div class=\"u-container-layout u-similar-container u-container-layout-3\"><span class=\"u-icon u-icon-circle u-text-palette-3-dark-1 u-icon-3\"><svg class=\"u-svg-link\" preserveAspectRatio=\"xMidYMin slice\" viewBox=\"0 0 64 64\" style=\"\"><use xlink:href=\"#svg-71f9\"><\/use><\/svg><svg class=\"u-svg-content\" viewBox=\"0 0 64 64\" id=\"svg-71f9\"><path d=\"m60 45.62v-28.62c0-2.757-2.243-5-5-5h-5v-5c0-2.757-2.243-5-5-5h-12c-2.757 0-5 2.243-5 5v5h-5c-2.757 0-5 2.243-5 5v30.586l-.414.414h-5.586v-1c0-.553-.448-1-1-1h-8c-.552 0-1 .447-1 1v14c0 .553.448 1 1 1h8c.552 0 1-.447 1-1h33c.172 0 .341-.044.49-.129l14.392-8.095c1.306-.735 2.118-2.122 2.118-3.621s-.806-2.804-2-3.535zm-50 14.38h-6v-12h6zm20-53c0-1.654 1.346-3 3-3h12c1.654 0 3 1.346 3 3v5h-2v-5c0-.553-.448-1-1-1h-12c-.552 0-1 .447-1 1v5h-2zm4 5v-4h10v4zm-14 5c0-1.654 1.346-3 3-3h32c1.654 0 3 1.346 3 3v28.016c-.053-.002-.102-.016-.155-.016h-.152c-.598 0-1.2.132-1.741.382l-12.172 5.618h-4.542c.48-.716.762-1.575.762-2.5 0-2.481-2.019-4.5-4.5-4.5h-13.5c-.265 0-.52.105-.707.293l-1.293 1.293zm38.901 34.033-14.163 7.967h-32.738v-9h6c.265 0 .52-.105.707-.293l3.707-3.707h13.086c1.378 0 2.5 1.121 2.5 2.5s-1.122 2.5-2.5 2.5h-8.5v2h8.5 8.5c.145 0 .288-.031.419-.092l12.372-5.711c.279-.129.591-.197.902-.197h.152c1.188 0 2.155.967 2.155 2.155 0 .778-.421 1.496-1.099 1.878z\"><\/path><path d=\"m39 42c6.617 0 12-5.383 12-12s-5.383-12-12-12-12 5.383-12 12 5.383 12 12 12zm0-22c5.514 0 10 4.486 10 10s-4.486 10-10 10-10-4.486-10-10 4.486-10 10-10z\"><\/path><path d=\"m33 33h3v3c0 .553.448 1 1 1h4c.552 0 1-.447 1-1v-3h3c.552 0 1-.447 1-1v-4c0-.553-.448-1-1-1h-3v-3c0-.553-.448-1-1-1h-4c-.552 0-1 .447-1 1v3h-3c-.552 0-1 .447-1 1v4c0 .553.448 1 1 1zm1-4h3c.552 0 1-.447 1-1v-3h2v3c0 .553.448 1 1 1h3v2h-3c-.552 0-1 .447-1 1v3h-2v-3c0-.553-.448-1-1-1h-3z\"><\/path><\/svg><\/span>\n                <h3 class=\"u-custom-font u-text u-text-custom-color-3 u-text-font u-text-5\">Trattamenti<\/h3>\n                <p class=\"u-text u-text-6\">ogni paziente ha il suo trattamento personalizzato<\/p>\n              <\/div>\n            <\/div>\n          <\/div>\n        <\/div>\n        <div class=\"u-container-style u-custom-color-3 u-expanded-width-lg u-expanded-width-md u-expanded-width-sm u-expanded-width-xs u-group u-radius u-shape-round u-group-1\">\n          <div class=\"u-container-layout u-valign-top-lg u-valign-top-md u-valign-top-sm u-valign-top-xs u-container-layout-4\">\n            <h6 class=\"u-custom-font u-text u-text-default u-text-font u-text-7\">Contattami&nbsp;per una pianificazione<\/h6>\n            <h2 class=\"u-custom-font u-text u-text-font u-text-8\">Programmi settimanali<\/h2>\n          <\/div>\n        <\/div>\n      <\/div>\n    <\/section>\n    <section class=\"u-clearfix u-valign-middle-lg u-valign-middle-md u-valign-middle-sm u-white u-section-4\" id=\"carousel_b096\">\n      <div class=\"data-layout-selected u-clearfix u-gutter-0 u-layout-wrap u-layout-wrap-1\">\n        <div class=\"u-layout\">\n          <div class=\"u-layout-row\">\n            <div class=\"u-align-left u-container-style u-layout-cell u-left-cell u-size-29-lg u-size-29-xl u-size-31-md u-size-31-sm u-size-31-xs u-layout-cell-1\">\n              <div class=\"u-container-layout u-valign-top u-container-layout-1\">\n                <h1 class=\"u-custom-font u-text u-text-font u-text-palette-1-base u-text-1\">Organizza un'incontro conoscitivo<\/h1>\n                <h6 class=\"u-custom-font u-text u-text-custom-color-3 u-text-font u-text-2\">\n                  <font>Contattami per un appuntamento al:<\/font>\n                  <font style=\"font-size: 3rem;\">\n                    <br>\n                    <span style=\"font-size: 1.875rem;\">079 357 06 47<\/span>\n                  <\/font>\n                  <span style=\"font-size: 1.875rem;\">\n                    <br>\n                  <\/span>oppure LF@LorenaCure.ch\n                <\/h6>\n              <\/div>\n            <\/div>\n            <div class=\"u-container-style u-image u-layout-cell u-right-cell u-size-29-md u-size-29-sm u-size-29-xs u-size-31-lg u-size-31-xl u-image-1\" style=\"background-image: url(&quot;https:\/\/lorenacure.ch\/wp-content\/uploads\/2024\/04\/min.jpg&quot;);\">\n              <div class=\"u-container-layout u-container-layout-2\"><\/div>\n            <\/div>\n          <\/div>\n        <\/div>\n      <\/div>\n    <\/section>\n    <section class=\"u-clearfix u-section-5\" id=\"sec-0bd5\">\n      <div class=\"u-custom-color-3 u-expanded-width u-shape u-shape-rectangle u-shape-1\"><\/div>\n      <div class=\"u-list u-list-1\">\n        <div class=\"u-repeater u-repeater-1\">\n          <div class=\"u-container-style u-list-item u-radius-50 u-repeater-item u-shape-round u-white u-list-item-1\">\n            <div class=\"u-container-layout u-similar-container u-container-layout-1\">\n              <h3 class=\"u-align-center u-custom-font u-font-ubuntu u-text u-text-custom-color-3 u-text-1\" data-animation-name=\"counter\" data-animation-event=\"scroll\" data-animation-duration=\"3000\">32<\/h3>\n              <h5 class=\"u-align-center u-custom-font u-text u-text-black u-text-font u-text-2\">Anni di esperienza all'EOC<\/h5>\n            <\/div>\n          <\/div>\n          <div class=\"u-container-align-center u-container-style u-list-item u-radius-50 u-repeater-item u-shape-round u-white u-list-item-2\">\n            <div class=\"u-container-layout u-similar-container u-container-layout-2\">\n              <h3 class=\"u-align-center u-custom-font u-font-ubuntu u-text u-text-custom-color-3 u-text-3\" data-animation-name=\"counter\" data-animation-event=\"scroll\" data-animation-duration=\"3000\">5<\/h3>\n              <h5 class=\"u-align-center u-custom-font u-text u-text-black u-text-font u-text-4\">Dipartimenti in cui ho lavorato, accumulando esperienza<\/h5>\n            <\/div>\n          <\/div>\n        <\/div>\n      <\/div>\n    <\/section>\n    \n    \n    \n    \n  \n<\/div>","protected":false},"excerpt":{"rendered":"<p>CURE DI QUALIT\u00c0 Sono Lorena Ferrini, con un&#8217;esperienza importante presso l&#8217;Ente Ospedaliero Cantonale. Ho voluto rimettermi in gioco come indipendente per dare un servizio di qualit\u00e0 al domicilio del paziente.&nbsp; Le cure a domicilio permettono una qualit\u00e0 di vita maggiore e una serenit\u00e0 emotiva del paziente e dei famigliari. Sono riconosciuta dalle casse malati. Consultazioni [&hellip;]<\/p>\n","protected":false},"author":1,"featured_media":0,"parent":0,"menu_order":0,"comment_status":"closed","ping_status":"closed","template":"","meta":{"footnotes":""},"class_list":["post-18","page","type-page","status-publish","hentry"],"yoast_head":"<!-- This site is optimized with the Yoast SEO plugin v22.7 - https:\/\/yoast.com\/wordpress\/plugins\/seo\/ -->\n<title>Principale - Lorena Cure<\/title>\n<meta name=\"robots\" content=\"index, follow, max-snippet:-1, max-image-preview:large, max-video-preview:-1\" \/>\n<link rel=\"canonical\" href=\"https:\/\/lorenacure.ch\/\" \/>\n<meta property=\"og:locale\" content=\"it_IT\" \/>\n<meta property=\"og:type\" content=\"article\" \/>\n<meta property=\"og:title\" content=\"Principale - Lorena Cure\" \/>\n<meta property=\"og:description\" content=\"CURE DI QUALIT\u00c0 Sono Lorena Ferrini, con un&#039;esperienza importante presso l&#039;Ente Ospedaliero Cantonale. Ho voluto rimettermi in gioco come indipendente per dare un servizio di qualit\u00e0 al domicilio del paziente.&nbsp; Le cure a domicilio permettono una qualit\u00e0 di vita maggiore e una serenit\u00e0 emotiva del paziente e dei famigliari. Sono riconosciuta dalle casse malati. Consultazioni [&hellip;]\" \/>\n<meta property=\"og:url\" content=\"https:\/\/lorenacure.ch\/\" \/>\n<meta property=\"og:site_name\" content=\"Lorena Cure\" \/>\n<meta property=\"article:modified_time\" content=\"2024-05-26T17:19:46+00:00\" \/>\n<meta name=\"twitter:card\" content=\"summary_large_image\" \/>\n<meta name=\"twitter:label1\" content=\"Tempo di lettura stimato\" \/>\n\t<meta name=\"twitter:data1\" content=\"1 minuto\" \/>\n<script type=\"application\/ld+json\" class=\"yoast-schema-graph\">{\"@context\":\"https:\/\/schema.org\",\"@graph\":[{\"@type\":\"WebPage\",\"@id\":\"https:\/\/lorenacure.ch\/\",\"url\":\"https:\/\/lorenacure.ch\/\",\"name\":\"Principale - Lorena Cure\",\"isPartOf\":{\"@id\":\"https:\/\/lorenacure.ch\/#website\"},\"datePublished\":\"2024-04-28T18:03:36+00:00\",\"dateModified\":\"2024-05-26T17:19:46+00:00\",\"breadcrumb\":{\"@id\":\"https:\/\/lorenacure.ch\/#breadcrumb\"},\"inLanguage\":\"it-IT\",\"potentialAction\":[{\"@type\":\"ReadAction\",\"target\":[\"https:\/\/lorenacure.ch\/\"]}]},{\"@type\":\"BreadcrumbList\",\"@id\":\"https:\/\/lorenacure.ch\/#breadcrumb\",\"itemListElement\":[{\"@type\":\"ListItem\",\"position\":1,\"name\":\"Home\",\"item\":\"https:\/\/lorenacure.ch\/\"},{\"@type\":\"ListItem\",\"position\":2,\"name\":\"Principale\"}]},{\"@type\":\"WebSite\",\"@id\":\"https:\/\/lorenacure.ch\/#website\",\"url\":\"https:\/\/lorenacure.ch\/\",\"name\":\"Lorena Cure\",\"description\":\"\",\"potentialAction\":[{\"@type\":\"SearchAction\",\"target\":{\"@type\":\"EntryPoint\",\"urlTemplate\":\"https:\/\/lorenacure.ch\/?s={search_term_string}\"},\"query-input\":\"required name=search_term_string\"}],\"inLanguage\":\"it-IT\"}]}<\/script>\n<!-- \/ Yoast SEO plugin. -->","yoast_head_json":{"title":"Principale - Lorena Cure","robots":{"index":"index","follow":"follow","max-snippet":"max-snippet:-1","max-image-preview":"max-image-preview:large","max-video-preview":"max-video-preview:-1"},"canonical":"https:\/\/lorenacure.ch\/","og_locale":"it_IT","og_type":"article","og_title":"Principale - Lorena Cure","og_description":"CURE DI QUALIT\u00c0 Sono Lorena Ferrini, con un'esperienza importante presso l'Ente Ospedaliero Cantonale. Ho voluto rimettermi in gioco come indipendente per dare un servizio di qualit\u00e0 al domicilio del paziente.&nbsp; Le cure a domicilio permettono una qualit\u00e0 di vita maggiore e una serenit\u00e0 emotiva del paziente e dei famigliari. Sono riconosciuta dalle casse malati. Consultazioni [&hellip;]","og_url":"https:\/\/lorenacure.ch\/","og_site_name":"Lorena Cure","article_modified_time":"2024-05-26T17:19:46+00:00","twitter_card":"summary_large_image","twitter_misc":{"Tempo di lettura stimato":"1 minuto"},"schema":{"@context":"https:\/\/schema.org","@graph":[{"@type":"WebPage","@id":"https:\/\/lorenacure.ch\/","url":"https:\/\/lorenacure.ch\/","name":"Principale - Lorena Cure","isPartOf":{"@id":"https:\/\/lorenacure.ch\/#website"},"datePublished":"2024-04-28T18:03:36+00:00","dateModified":"2024-05-26T17:19:46+00:00","breadcrumb":{"@id":"https:\/\/lorenacure.ch\/#breadcrumb"},"inLanguage":"it-IT","potentialAction":[{"@type":"ReadAction","target":["https:\/\/lorenacure.ch\/"]}]},{"@type":"BreadcrumbList","@id":"https:\/\/lorenacure.ch\/#breadcrumb","itemListElement":[{"@type":"ListItem","position":1,"name":"Home","item":"https:\/\/lorenacure.ch\/"},{"@type":"ListItem","position":2,"name":"Principale"}]},{"@type":"WebSite","@id":"https:\/\/lorenacure.ch\/#website","url":"https:\/\/lorenacure.ch\/","name":"Lorena Cure","description":"","potentialAction":[{"@type":"SearchAction","target":{"@type":"EntryPoint","urlTemplate":"https:\/\/lorenacure.ch\/?s={search_term_string}"},"query-input":"required name=search_term_string"}],"inLanguage":"it-IT"}]}},"_links":{"self":[{"href":"https:\/\/lorenacure.ch\/index.php?rest_route=\/wp\/v2\/pages\/18","targetHints":{"allow":["GET"]}}],"collection":[{"href":"https:\/\/lorenacure.ch\/index.php?rest_route=\/wp\/v2\/pages"}],"about":[{"href":"https:\/\/lorenacure.ch\/index.php?rest_route=\/wp\/v2\/types\/page"}],"author":[{"embeddable":true,"href":"https:\/\/lorenacure.ch\/index.php?rest_route=\/wp\/v2\/users\/1"}],"replies":[{"embeddable":true,"href":"https:\/\/lorenacure.ch\/index.php?rest_route=%2Fwp%2Fv2%2Fcomments&post=18"}],"version-history":[{"count":19,"href":"https:\/\/lorenacure.ch\/index.php?rest_route=\/wp\/v2\/pages\/18\/revisions"}],"predecessor-version":[{"id":79,"href":"https:\/\/lorenacure.ch\/index.php?rest_route=\/wp\/v2\/pages\/18\/revisions\/79"}],"wp:attachment":[{"href":"https:\/\/lorenacure.ch\/index.php?rest_route=%2Fwp%2Fv2%2Fmedia&parent=18"}],"curies":[{"name":"wp","href":"https:\/\/api.w.org\/{rel}","templated":true}]}}